{"id":885,"date":"2020-11-03T12:30:02","date_gmt":"2020-11-03T12:30:02","guid":{"rendered":"https:\/\/algietol.nl\/index.php\/diensten\/"},"modified":"2021-04-14T08:47:17","modified_gmt":"2021-04-14T07:47:17","slug":"diensten","status":"publish","type":"page","link":"https:\/\/algietol.nl\/de\/diensten\/","title":{"rendered":"Leistungen"},"content":{"rendered":"<div class=\"block hero-frontpage\">\n\t<div class=\"backgrounds-slider\">\n\t\t\n\t\t\t<div>\n\n\t\t\t\t\n\t\t\t\t<div class=\"background\" style=\"background-image:url(https:\/\/algietol.nl\/wp-content\/uploads\/2020\/11\/gieten-ijzer-18-02-2020-780.jpg)\" style-mobile=\"background-image:url(https:\/\/algietol.nl\/wp-content\/uploads\/2020\/11\/gieten-ijzer-18-02-2020-780-375x439.jpg)\"><\/div>\n\n\t\t\t\t<div class=\"inner\">\n\t\t\t\t\t<div class=\"grid-container\">\n\t\t\t\t\t\t<div class=\"intro\">\n\t\t\t\t\t\t\t<div class=\"titles\">\n\t\t\t\t\t\t\t\t\t<h1 class=\"big\">IHR PARTNER F\u00dcR DIE ZUKUNFT<\/h1>\n\t\t\t\t\t\t\t<\/div>\n\t\t\t\t\t\t<\/div>\n\t\t\t\t\t<\/div>\n\t\t\t\t<\/div>\n\n\t\t\t<\/div>\n\n\t\t\t<\/div>\n<\/div>\n<div class=\"hero-frontpage text-container\">\n\t<div class=\"grid-container\">\n\t\t<div class=\"inner\">\n\t\t\t<p>AGO ist mehr als ein Lieferant. Aufgrund unserer langj\u00e4hrigen Erfahrung sind wir der richtige Partner, um mit IHNEN ein optimales Ergebnis zu erzielen.<\/p>\n\t\t<\/div>\n\t<\/div>\n<\/div>\n\n\n<div class=\"block accordion\">\n\t<div class=\"grid-container\">\n\n\t\t<div class=\"inner\">\n\n\t\t\t<h2>Leistungen<\/h2>\n\n\t\t\t<ul class=\"accordion\" data-accordion data-multi-expand=\"true\" data-allow-all-closed=\"true\" >\n\n\t\t\t\t\n\t\t\t\t\t<li class=\"accordion-item\" data-accordion-item>\n\t\t\t\t\t    <!-- Accordion tab title -->\n\t\t\t\t\t    <a href=\"#\" class=\"accordion-title\">Engineering<\/a>\n\n\t\t\t\t\t    <!-- Accordion tab content: it would start in the open state due to using the `is-active` state class. -->\n\t\t\t\t\t    <div class=\"accordion-content\" data-tab-content>\n\t\t\t\t\t     \t<p><p>AGO ist mehr als ein Lieferant. Aufgrund unserer langj\u00e4hrigen Erfahrung sind wir der richtige Partner, um mit IHNEN ein optimales Ergebnis zu erzielen.<\/p>\n<p>Um ein gutes Gussprodukt zu erhalten, bietet AGO seinen Kunden die M\u00f6glichkeit, seine Engineering-Abteilung zu nutzen. Mit Hilfe verschiedener CAD Software Programme arbeiten die Mitarbeiter unserer technischen Abteilung eng mit dem Kunden zusammen. Vorzugsweise ab der Konzeptphase, um so zu der effektivsten L\u00f6sung zu gelangen.<br \/>\nFr\u00fchzeitige Zusammenarbeit verhindert nachtr\u00e4gliche \u00c4nderungen und f\u00fchrt zu einer Kosten- und Zeitersparnis.<\/p>\n<h3><strong>Unsere St\u00e4rken<\/strong><\/h3>\n<ul>\n<li>AGO = Innovationsst\u00e4rke<\/li>\n<li>Partnerschaft mit dem Kunden von der Idee bis zum Endprodukt<\/li>\n<li>Total-Cost-of-Ownership-Ansatz<\/li>\n<li>Substitutionsanalyse und Re-Engineering<\/li>\n<li>OEM \u2013 Entwicklungspartner<\/li>\n<li>Reversed-Engineering<\/li>\n<li>Produkt- und Zusammenstellungstechnik<\/li>\n<li>Gie\u00dfsimulation und Komponentenoptimalisierung<\/li>\n<li>3D CAD, u.a. SolidWorks, Catia, Pro-E und VisiCAD<\/li>\n<li>Prototyping<\/li>\n<li>R&amp;D in enger Zusammenarbeit mit diversen Partnern<\/li>\n<\/ul>\n<\/p>\n\n\t\t\t\t\t  \n\t\t\t\t\t\t\t\n\t\t\t\t\t\t\t\t\n\n\n\n\t\t\t\t\t\t\t\n\n\t\t\t\t\t    <\/div>\n\t\t\t\t\t<\/li>\n\n\t\t\t\t\t\n\n\t\t\t\t\t\n\t\t\t\t\n\t\t\t\t\t<li class=\"accordion-item\" data-accordion-item>\n\t\t\t\t\t    <!-- Accordion tab title -->\n\t\t\t\t\t    <a href=\"#\" class=\"accordion-title\">Aluminiumguss<\/a>\n\n\t\t\t\t\t    <!-- Accordion tab content: it would start in the open state due to using the `is-active` state class. -->\n\t\t\t\t\t    <div class=\"accordion-content\" data-tab-content>\n\t\t\t\t\t     \t<p><p>Was Aluminiumguss betrifft, kommen Sie nicht um uns herum! AGO ist eine der vielseitigsten Aluminiumgie\u00dfereien in Europa, mit einer breiten Palette an M\u00f6glichkeiten.<\/p>\n<\/p>\n\n\t\t\t\t\t  \n\t\t\t\t\t\t\t\n\t\t\t\t\t\t\t\n\t\t\t\t\t\t\t\t<div class=\"grid-container fluid\">\n\t\t\t\t\t\t\t\t\t<div class=\"grid-x grid-padding-x grid-margin-y text-center\">\n\n\t\t\t\t\t\t\t\t\t\t\t\t\t\t\t\t\t\t\t        <div class=\"cell small-12 medium-4\">\n\t\t\t\t\t\t\t\t\t        \t\n\t\t\t\t\t\t\t\t\t            <a href=\"https:\/\/algietol.nl\/de\/producten\/prototype-gietwerk\/\">\n\t\t\t\t\t\t\t\t\t            \t<span class=\"grid-x\">\n\t\t\t\t\t\t\t\t\t            \t\t<span class=\"cell\">\n\t\t\t\t\t\t\t            \t\t\t\t\t<img loading=\"lazy\" decoding=\"async\" width=\"300\" height=\"225\" src=\"https:\/\/algietol.nl\/wp-content\/uploads\/2020\/12\/foto-37-final-300x225.jpg\" class=\" wp-post-image\" alt=\"\" srcset=\"https:\/\/algietol.nl\/wp-content\/uploads\/2020\/12\/foto-37-final-300x225.jpg 300w, https:\/\/algietol.nl\/wp-content\/uploads\/2020\/12\/foto-37-final-543x407.jpg 543w, https:\/\/algietol.nl\/wp-content\/uploads\/2020\/12\/foto-37-final.jpg 600w\" sizes=\"auto, (max-width: 300px) 100vw, 300px\" \/>\t\t\t\t\t\t\t            \t\t\t\t<\/span>\n\t\t\t\t\t\t\t            \t\t\t<\/span>\n\t\t\t\t\t\t\t            \t\t\t<span class=\"grid-x\">\n\t\t\t\t\t\t\t\t\t            \t\t<span class=\"cell cattitle\">\n\t\t\t\t\t\t\t            \t\t\t\t\tPrototypeguss\t\n\t\t\t\t\t\t\t            \t\t\t\t<\/span>\n\t\t\t\t\t\t\t            \t\t\t<\/span>\n\t\t\t\t\t\t\t            \t\t\t\n\t\t\t\t\t\t\t\t\t            <\/a>\n\n\t\t\t\t\t\t\t\t\t        <\/div>    \n\t\t\t\t\t\t\t\t\t        \n\t\t\t\t\t\t\t\t\t    \t\t\t\t\t\t\t\t\t        <div class=\"cell small-12 medium-4\">\n\t\t\t\t\t\t\t\t\t        \t\n\t\t\t\t\t\t\t\t\t            <a href=\"https:\/\/algietol.nl\/de\/producten\/kernpakket-gietwerk\/\">\n\t\t\t\t\t\t\t\t\t            \t<span class=\"grid-x\">\n\t\t\t\t\t\t\t\t\t            \t\t<span class=\"cell\">\n\t\t\t\t\t\t\t            \t\t\t\t\t<img loading=\"lazy\" decoding=\"async\" width=\"300\" height=\"225\" src=\"https:\/\/algietol.nl\/wp-content\/uploads\/2020\/12\/foto-42-final-300x225.jpg\" class=\" wp-post-image\" alt=\"\" srcset=\"https:\/\/algietol.nl\/wp-content\/uploads\/2020\/12\/foto-42-final-300x225.jpg 300w, https:\/\/algietol.nl\/wp-content\/uploads\/2020\/12\/foto-42-final-543x407.jpg 543w, https:\/\/algietol.nl\/wp-content\/uploads\/2020\/12\/foto-42-final.jpg 600w\" sizes=\"auto, (max-width: 300px) 100vw, 300px\" \/>\t\t\t\t\t\t\t            \t\t\t\t<\/span>\n\t\t\t\t\t\t\t            \t\t\t<\/span>\n\t\t\t\t\t\t\t            \t\t\t<span class=\"grid-x\">\n\t\t\t\t\t\t\t\t\t            \t\t<span class=\"cell cattitle\">\n\t\t\t\t\t\t\t            \t\t\t\t\tKernpaketguss\t\n\t\t\t\t\t\t\t            \t\t\t\t<\/span>\n\t\t\t\t\t\t\t            \t\t\t<\/span>\n\t\t\t\t\t\t\t            \t\t\t\n\t\t\t\t\t\t\t\t\t            <\/a>\n\n\t\t\t\t\t\t\t\t\t        <\/div>    \n\t\t\t\t\t\t\t\t\t        \n\t\t\t\t\t\t\t\t\t    \t\t\t\t\t\t\t\t\t        <div class=\"cell small-12 medium-4\">\n\t\t\t\t\t\t\t\t\t        \t\n\t\t\t\t\t\t\t\t\t            <a href=\"https:\/\/algietol.nl\/de\/producten\/hoge-drukgietwerk\/\">\n\t\t\t\t\t\t\t\t\t            \t<span class=\"grid-x\">\n\t\t\t\t\t\t\t\t\t            \t\t<span class=\"cell\">\n\t\t\t\t\t\t\t            \t\t\t\t\t<img loading=\"lazy\" decoding=\"async\" width=\"300\" height=\"225\" src=\"https:\/\/algietol.nl\/wp-content\/uploads\/2020\/12\/foto-34-final-300x225.jpg\" class=\" wp-post-image\" alt=\"\" srcset=\"https:\/\/algietol.nl\/wp-content\/uploads\/2020\/12\/foto-34-final-300x225.jpg 300w, https:\/\/algietol.nl\/wp-content\/uploads\/2020\/12\/foto-34-final-543x407.jpg 543w, https:\/\/algietol.nl\/wp-content\/uploads\/2020\/12\/foto-34-final.jpg 600w\" sizes=\"auto, (max-width: 300px) 100vw, 300px\" \/>\t\t\t\t\t\t\t            \t\t\t\t<\/span>\n\t\t\t\t\t\t\t            \t\t\t<\/span>\n\t\t\t\t\t\t\t            \t\t\t<span class=\"grid-x\">\n\t\t\t\t\t\t\t\t\t            \t\t<span class=\"cell cattitle\">\n\t\t\t\t\t\t\t            \t\t\t\t\tDruckguss\t\n\t\t\t\t\t\t\t            \t\t\t\t<\/span>\n\t\t\t\t\t\t\t            \t\t\t<\/span>\n\t\t\t\t\t\t\t            \t\t\t\n\t\t\t\t\t\t\t\t\t            <\/a>\n\n\t\t\t\t\t\t\t\t\t        <\/div>    \n\t\t\t\t\t\t\t\t\t        \n\t\t\t\t\t\t\t\t\t    \t\t\t\t\t\t\t\t\t        <div class=\"cell small-12 medium-4\">\n\t\t\t\t\t\t\t\t\t        \t\n\t\t\t\t\t\t\t\t\t            <a href=\"https:\/\/algietol.nl\/de\/producten\/coquille-gietwerk\/\">\n\t\t\t\t\t\t\t\t\t            \t<span class=\"grid-x\">\n\t\t\t\t\t\t\t\t\t            \t\t<span class=\"cell\">\n\t\t\t\t\t\t\t            \t\t\t\t\t<img loading=\"lazy\" decoding=\"async\" width=\"300\" height=\"225\" src=\"https:\/\/algietol.nl\/wp-content\/uploads\/2020\/12\/foto-31-final-300x225.jpg\" class=\" wp-post-image\" alt=\"\" srcset=\"https:\/\/algietol.nl\/wp-content\/uploads\/2020\/12\/foto-31-final-300x225.jpg 300w, https:\/\/algietol.nl\/wp-content\/uploads\/2020\/12\/foto-31-final-543x407.jpg 543w, https:\/\/algietol.nl\/wp-content\/uploads\/2020\/12\/foto-31-final.jpg 600w\" sizes=\"auto, (max-width: 300px) 100vw, 300px\" \/>\t\t\t\t\t\t\t            \t\t\t\t<\/span>\n\t\t\t\t\t\t\t            \t\t\t<\/span>\n\t\t\t\t\t\t\t            \t\t\t<span class=\"grid-x\">\n\t\t\t\t\t\t\t\t\t            \t\t<span class=\"cell cattitle\">\n\t\t\t\t\t\t\t            \t\t\t\t\tKokillenguss\t\n\t\t\t\t\t\t\t            \t\t\t\t<\/span>\n\t\t\t\t\t\t\t            \t\t\t<\/span>\n\t\t\t\t\t\t\t            \t\t\t\n\t\t\t\t\t\t\t\t\t            <\/a>\n\n\t\t\t\t\t\t\t\t\t        <\/div>    \n\t\t\t\t\t\t\t\t\t        \n\t\t\t\t\t\t\t\t\t    \t\t\t\t\t\t\t\t\t        <div class=\"cell small-12 medium-4\">\n\t\t\t\t\t\t\t\t\t        \t\n\t\t\t\t\t\t\t\t\t            <a href=\"https:\/\/algietol.nl\/de\/producten\/machinaal-gevorm-zandgietwerk\/\">\n\t\t\t\t\t\t\t\t\t            \t<span class=\"grid-x\">\n\t\t\t\t\t\t\t\t\t            \t\t<span class=\"cell\">\n\t\t\t\t\t\t\t            \t\t\t\t\t<img loading=\"lazy\" decoding=\"async\" width=\"300\" height=\"225\" src=\"https:\/\/algietol.nl\/wp-content\/uploads\/2020\/11\/foto-24-final@2x-300x225.png\" class=\" wp-post-image\" alt=\"\" srcset=\"https:\/\/algietol.nl\/wp-content\/uploads\/2020\/11\/foto-24-final@2x-300x225.png 300w, https:\/\/algietol.nl\/wp-content\/uploads\/2020\/11\/foto-24-final@2x.png 414w\" sizes=\"auto, (max-width: 300px) 100vw, 300px\" \/>\t\t\t\t\t\t\t            \t\t\t\t<\/span>\n\t\t\t\t\t\t\t            \t\t\t<\/span>\n\t\t\t\t\t\t\t            \t\t\t<span class=\"grid-x\">\n\t\t\t\t\t\t\t\t\t            \t\t<span class=\"cell cattitle\">\n\t\t\t\t\t\t\t            \t\t\t\t\tMaschinellgerformer Sandguss\t\n\t\t\t\t\t\t\t            \t\t\t\t<\/span>\n\t\t\t\t\t\t\t            \t\t\t<\/span>\n\t\t\t\t\t\t\t            \t\t\t\n\t\t\t\t\t\t\t\t\t            <\/a>\n\n\t\t\t\t\t\t\t\t\t        <\/div>    \n\t\t\t\t\t\t\t\t\t        \n\t\t\t\t\t\t\t\t\t    \t\t\t\t\t\t\t\t\t        <div class=\"cell small-12 medium-4\">\n\t\t\t\t\t\t\t\t\t        \t\n\t\t\t\t\t\t\t\t\t            <a href=\"https:\/\/algietol.nl\/de\/producten\/handvorm-zandgietwerk\/\">\n\t\t\t\t\t\t\t\t\t            \t<span class=\"grid-x\">\n\t\t\t\t\t\t\t\t\t            \t\t<span class=\"cell\">\n\t\t\t\t\t\t\t            \t\t\t\t\t<img loading=\"lazy\" decoding=\"async\" width=\"300\" height=\"225\" src=\"https:\/\/algietol.nl\/wp-content\/uploads\/2020\/11\/foto-21-final-300x225.jpg\" class=\" wp-post-image\" alt=\"\" srcset=\"https:\/\/algietol.nl\/wp-content\/uploads\/2020\/11\/foto-21-final-300x225.jpg 300w, https:\/\/algietol.nl\/wp-content\/uploads\/2020\/11\/foto-21-final-543x407.jpg 543w, https:\/\/algietol.nl\/wp-content\/uploads\/2020\/11\/foto-21-final.jpg 600w\" sizes=\"auto, (max-width: 300px) 100vw, 300px\" \/>\t\t\t\t\t\t\t            \t\t\t\t<\/span>\n\t\t\t\t\t\t\t            \t\t\t<\/span>\n\t\t\t\t\t\t\t            \t\t\t<span class=\"grid-x\">\n\t\t\t\t\t\t\t\t\t            \t\t<span class=\"cell cattitle\">\n\t\t\t\t\t\t\t            \t\t\t\t\tHandform-Sandguss\t\n\t\t\t\t\t\t\t            \t\t\t\t<\/span>\n\t\t\t\t\t\t\t            \t\t\t<\/span>\n\t\t\t\t\t\t\t            \t\t\t\n\t\t\t\t\t\t\t\t\t            <\/a>\n\n\t\t\t\t\t\t\t\t\t        <\/div>    \n\t\t\t\t\t\t\t\t\t        \n\t\t\t\t\t\t\t\t\t    \n\t\t\t\t\t\t\t\t\t<\/div>\n\t\t\t\t\t\t\t\t<\/div>\n\t\t\t\t\t\t\t\t\n\n\n\n\t\t\t\t\t\t\t\n\n\t\t\t\t\t    <\/div>\n\t\t\t\t\t<\/li>\n\n\t\t\t\t\t\n\n\t\t\t\t\t\n\t\t\t\t\n\t\t\t\t\t<li class=\"accordion-item\" data-accordion-item>\n\t\t\t\t\t    <!-- Accordion tab title -->\n\t\t\t\t\t    <a href=\"#\" class=\"accordion-title\">Endbearbeitung Gussteile<\/a>\n\n\t\t\t\t\t    <!-- Accordion tab content: it would start in the open state due to using the `is-active` state class. -->\n\t\t\t\t\t    <div class=\"accordion-content\" data-tab-content>\n\t\t\t\t\t     \t<p><\/p>\n\n\t\t\t\t\t  \n\t\t\t\t\t\t\t\n\t\t\t\t\t\t\t\n\t\t\t\t\t\t\t\t<div class=\"grid-container fluid\">\n\t\t\t\t\t\t\t\t\t<div class=\"grid-x grid-padding-x grid-margin-y text-center\">\n\n\t\t\t\t\t\t\t\t\t\t\t\t\t\t\t\t\t\t\t        <div class=\"cell small-12 medium-4\">\n\t\t\t\t\t\t\t\t\t        \t\n\t\t\t\t\t\t\t\t\t            <a href=\"https:\/\/algietol.nl\/de\/producten\/assemblage\/\">\n\t\t\t\t\t\t\t\t\t            \t<span class=\"grid-x\">\n\t\t\t\t\t\t\t\t\t            \t\t<span class=\"cell\">\n\t\t\t\t\t\t\t            \t\t\t\t\t<img loading=\"lazy\" decoding=\"async\" width=\"300\" height=\"225\" src=\"https:\/\/algietol.nl\/wp-content\/uploads\/2020\/11\/foto-26-final-B-300x225.jpg\" class=\" wp-post-image\" alt=\"\" srcset=\"https:\/\/algietol.nl\/wp-content\/uploads\/2020\/11\/foto-26-final-B-300x225.jpg 300w, https:\/\/algietol.nl\/wp-content\/uploads\/2020\/11\/foto-26-final-B-543x407.jpg 543w, https:\/\/algietol.nl\/wp-content\/uploads\/2020\/11\/foto-26-final-B.jpg 600w\" sizes=\"auto, (max-width: 300px) 100vw, 300px\" \/>\t\t\t\t\t\t\t            \t\t\t\t<\/span>\n\t\t\t\t\t\t\t            \t\t\t<\/span>\n\t\t\t\t\t\t\t            \t\t\t<span class=\"grid-x\">\n\t\t\t\t\t\t\t\t\t            \t\t<span class=\"cell cattitle\">\n\t\t\t\t\t\t\t            \t\t\t\t\tMontage\t\n\t\t\t\t\t\t\t            \t\t\t\t<\/span>\n\t\t\t\t\t\t\t            \t\t\t<\/span>\n\t\t\t\t\t\t\t            \t\t\t\n\t\t\t\t\t\t\t\t\t            <\/a>\n\n\t\t\t\t\t\t\t\t\t        <\/div>    \n\t\t\t\t\t\t\t\t\t        \n\t\t\t\t\t\t\t\t\t    \t\t\t\t\t\t\t\t\t        <div class=\"cell small-12 medium-4\">\n\t\t\t\t\t\t\t\t\t        \t\n\t\t\t\t\t\t\t\t\t            <a href=\"https:\/\/algietol.nl\/de\/producten\/bewerking\/\">\n\t\t\t\t\t\t\t\t\t            \t<span class=\"grid-x\">\n\t\t\t\t\t\t\t\t\t            \t\t<span class=\"cell\">\n\t\t\t\t\t\t\t            \t\t\t\t\t<img loading=\"lazy\" decoding=\"async\" width=\"300\" height=\"225\" src=\"https:\/\/algietol.nl\/wp-content\/uploads\/2020\/12\/foto-36-final-300x225.jpg\" class=\" wp-post-image\" alt=\"\" srcset=\"https:\/\/algietol.nl\/wp-content\/uploads\/2020\/12\/foto-36-final-300x225.jpg 300w, https:\/\/algietol.nl\/wp-content\/uploads\/2020\/12\/foto-36-final-543x407.jpg 543w, https:\/\/algietol.nl\/wp-content\/uploads\/2020\/12\/foto-36-final.jpg 600w\" sizes=\"auto, (max-width: 300px) 100vw, 300px\" \/>\t\t\t\t\t\t\t            \t\t\t\t<\/span>\n\t\t\t\t\t\t\t            \t\t\t<\/span>\n\t\t\t\t\t\t\t            \t\t\t<span class=\"grid-x\">\n\t\t\t\t\t\t\t\t\t            \t\t<span class=\"cell cattitle\">\n\t\t\t\t\t\t\t            \t\t\t\t\tBearbeitung\t\n\t\t\t\t\t\t\t            \t\t\t\t<\/span>\n\t\t\t\t\t\t\t            \t\t\t<\/span>\n\t\t\t\t\t\t\t            \t\t\t\n\t\t\t\t\t\t\t\t\t            <\/a>\n\n\t\t\t\t\t\t\t\t\t        <\/div>    \n\t\t\t\t\t\t\t\t\t        \n\t\t\t\t\t\t\t\t\t    \n\t\t\t\t\t\t\t\t\t<\/div>\n\t\t\t\t\t\t\t\t<\/div>\n\t\t\t\t\t\t\t\t\n\n\n\n\t\t\t\t\t\t\t\n\n\t\t\t\t\t    <\/div>\n\t\t\t\t\t<\/li>\n\n\t\t\t\t\t\n\n\t\t\t\t\t\n\t\t\t\t\n\t\t\t\t\t<li class=\"accordion-item\" data-accordion-item>\n\t\t\t\t\t    <!-- Accordion tab title -->\n\t\t\t\t\t    <a href=\"#\" class=\"accordion-title\">Qualit\u00e4t<\/a>\n\n\t\t\t\t\t    <!-- Accordion tab content: it would start in the open state due to using the `is-active` state class. -->\n\t\t\t\t\t    <div class=\"accordion-content\" data-tab-content>\n\t\t\t\t\t     \t<p><p>Der Kunde steht bei AGO im Mittelpunkt! Zur Gew\u00e4hrleistung unserer Qualit\u00e4t sind all unsere Prozesse in bestimmten Verfahren gem\u00e4\u00df diverser Qualit\u00e4tssysteme festgelegt.<\/p>\n<\/p>\n\n\t\t\t\t\t  \n\t\t\t\t\t\t\t\n\t\t\t\t\t\t\t\n\t\t\t\t\t\t\t\t<div class=\"grid-container fluid\">\n\t\t\t\t\t\t\t\t\t<div class=\"grid-x grid-padding-x grid-margin-y text-center\">\n\n\t\t\t\t\t\t\t\t\t\t\t\t\t\t\t\t\t\t\t        <div class=\"cell small-12 medium-4\">\n\t\t\t\t\t\t\t\t\t        \t\n\t\t\t\t\t\t\t\t\t            <a href=\"https:\/\/algietol.nl\/de\/producten\/certificaten\/\">\n\t\t\t\t\t\t\t\t\t            \t<span class=\"grid-x\">\n\t\t\t\t\t\t\t\t\t            \t\t<span class=\"cell\">\n\t\t\t\t\t\t\t            \t\t\t\t\t<img loading=\"lazy\" decoding=\"async\" width=\"300\" height=\"139\" src=\"https:\/\/algietol.nl\/wp-content\/uploads\/2020\/12\/certificate.png\" class=\" wp-post-image\" alt=\"\" \/>\t\t\t\t\t\t\t            \t\t\t\t<\/span>\n\t\t\t\t\t\t\t            \t\t\t<\/span>\n\t\t\t\t\t\t\t            \t\t\t<span class=\"grid-x\">\n\t\t\t\t\t\t\t\t\t            \t\t<span class=\"cell cattitle\">\n\t\t\t\t\t\t\t            \t\t\t\t\tCertificaten\t\n\t\t\t\t\t\t\t            \t\t\t\t<\/span>\n\t\t\t\t\t\t\t            \t\t\t<\/span>\n\t\t\t\t\t\t\t            \t\t\t\n\t\t\t\t\t\t\t\t\t            <\/a>\n\n\t\t\t\t\t\t\t\t\t        <\/div>    \n\t\t\t\t\t\t\t\t\t        \n\t\t\t\t\t\t\t\t\t    \t\t\t\t\t\t\t\t\t        <div class=\"cell small-12 medium-4\">\n\t\t\t\t\t\t\t\t\t        \t\n\t\t\t\t\t\t\t\t\t            <a href=\"https:\/\/algietol.nl\/de\/producten\/kwaliteitsmanagement\/\">\n\t\t\t\t\t\t\t\t\t            \t<span class=\"grid-x\">\n\t\t\t\t\t\t\t\t\t            \t\t<span class=\"cell\">\n\t\t\t\t\t\t\t            \t\t\t\t\t<img loading=\"lazy\" decoding=\"async\" width=\"300\" height=\"139\" src=\"https:\/\/algietol.nl\/wp-content\/uploads\/2020\/12\/quality.png\" class=\" wp-post-image\" alt=\"\" \/>\t\t\t\t\t\t\t            \t\t\t\t<\/span>\n\t\t\t\t\t\t\t            \t\t\t<\/span>\n\t\t\t\t\t\t\t            \t\t\t<span class=\"grid-x\">\n\t\t\t\t\t\t\t\t\t            \t\t<span class=\"cell cattitle\">\n\t\t\t\t\t\t\t            \t\t\t\t\tKwaliteitsmanagement\t\n\t\t\t\t\t\t\t            \t\t\t\t<\/span>\n\t\t\t\t\t\t\t            \t\t\t<\/span>\n\t\t\t\t\t\t\t            \t\t\t\n\t\t\t\t\t\t\t\t\t            <\/a>\n\n\t\t\t\t\t\t\t\t\t        <\/div>    \n\t\t\t\t\t\t\t\t\t        \n\t\t\t\t\t\t\t\t\t    \t\t\t\t\t\t\t\t\t        <div class=\"cell small-12 medium-4\">\n\t\t\t\t\t\t\t\t\t        \t\n\t\t\t\t\t\t\t\t\t            <a href=\"https:\/\/algietol.nl\/de\/producten\/test-en-beproeven\/\">\n\t\t\t\t\t\t\t\t\t            \t<span class=\"grid-x\">\n\t\t\t\t\t\t\t\t\t            \t\t<span class=\"cell\">\n\t\t\t\t\t\t\t            \t\t\t\t\t<img loading=\"lazy\" decoding=\"async\" width=\"300\" height=\"139\" src=\"https:\/\/algietol.nl\/wp-content\/uploads\/2020\/12\/scan.png\" class=\" wp-post-image\" alt=\"\" \/>\t\t\t\t\t\t\t            \t\t\t\t<\/span>\n\t\t\t\t\t\t\t            \t\t\t<\/span>\n\t\t\t\t\t\t\t            \t\t\t<span class=\"grid-x\">\n\t\t\t\t\t\t\t\t\t            \t\t<span class=\"cell cattitle\">\n\t\t\t\t\t\t\t            \t\t\t\t\tTest en beproeven\t\n\t\t\t\t\t\t\t            \t\t\t\t<\/span>\n\t\t\t\t\t\t\t            \t\t\t<\/span>\n\t\t\t\t\t\t\t            \t\t\t\n\t\t\t\t\t\t\t\t\t            <\/a>\n\n\t\t\t\t\t\t\t\t\t        <\/div>    \n\t\t\t\t\t\t\t\t\t        \n\t\t\t\t\t\t\t\t\t    \n\t\t\t\t\t\t\t\t\t<\/div>\n\t\t\t\t\t\t\t\t<\/div>\n\t\t\t\t\t\t\t\t\n\n\n\n\t\t\t\t\t\t\t\n\n\t\t\t\t\t    <\/div>\n\t\t\t\t\t<\/li>\n\n\t\t\t\t\t\n\n\t\t\t\t\t\n\t\t\t\t\t\n\n\t\t\t<\/ul>\n\n\n\t\t<\/div>\n\n\t<\/div>\n<\/div>","protected":false},"excerpt":{"rendered":"","protected":false},"author":1,"featured_media":0,"parent":0,"menu_order":1,"comment_status":"closed","ping_status":"closed","template":"","meta":{"_acf_changed":false,"footnotes":""},"class_list":["post-885","page","type-page","status-publish","hentry"],"acf":[],"_links":{"self":[{"href":"https:\/\/algietol.nl\/de\/wp-json\/wp\/v2\/pages\/885","targetHints":{"allow":["GET"]}}],"collection":[{"href":"https:\/\/algietol.nl\/de\/wp-json\/wp\/v2\/pages"}],"about":[{"href":"https:\/\/algietol.nl\/de\/wp-json\/wp\/v2\/types\/page"}],"author":[{"embeddable":true,"href":"https:\/\/algietol.nl\/de\/wp-json\/wp\/v2\/users\/1"}],"replies":[{"embeddable":true,"href":"https:\/\/algietol.nl\/de\/wp-json\/wp\/v2\/comments?post=885"}],"version-history":[{"count":3,"href":"https:\/\/algietol.nl\/de\/wp-json\/wp\/v2\/pages\/885\/revisions"}],"predecessor-version":[{"id":1096,"href":"https:\/\/algietol.nl\/de\/wp-json\/wp\/v2\/pages\/885\/revisions\/1096"}],"wp:attachment":[{"href":"https:\/\/algietol.nl\/de\/wp-json\/wp\/v2\/media?parent=885"}],"curies":[{"name":"wp","href":"https:\/\/api.w.org\/{rel}","templated":true}]}}