{"id":814,"date":"2020-11-03T12:14:39","date_gmt":"2020-11-03T12:14:39","guid":{"rendered":"https:\/\/algietol.nl\/index.php\/home\/"},"modified":"2024-05-08T07:48:27","modified_gmt":"2024-05-08T06:48:27","slug":"home","status":"publish","type":"page","link":"https:\/\/algietol.nl\/de\/","title":{"rendered":"Home"},"content":{"rendered":"<div class=\"block hero-frontpage\">\n\t<div class=\"backgrounds-slider\">\n\t\t\n\t\t\t<div>\n\n\t\t\t\t\n\t\t\t\t<div class=\"background\" style=\"background-image:url(https:\/\/algietol.nl\/wp-content\/uploads\/2020\/12\/header1-1280x648.jpg)\" style-mobile=\"background-image:url(https:\/\/algietol.nl\/wp-content\/uploads\/2020\/12\/header1-1280x648.jpg)\"><\/div>\n\n\t\t\t\t<div class=\"inner\">\n\t\t\t\t\t<div class=\"grid-container\">\n\t\t\t\t\t\t<div class=\"intro\">\n\t\t\t\t\t\t\t<div class=\"titles\">\n\t\t\t\t\t\t\t\t\t<h1 class=\"big\">QUALIT\u00c4T UND INNOVATION <span>ALS ANTRIEB<\/span><\/h1>\n\t\t\t\t\t\t\t<\/div>\n\t\t\t\t\t\t<\/div>\n\t\t\t\t\t<\/div>\n\t\t\t\t<\/div>\n\n\t\t\t<\/div>\n\n\t\t\n\t\t\t<div>\n\n\t\t\t\t\n\t\t\t\t<div class=\"background\" style=\"background-image:url(https:\/\/algietol.nl\/wp-content\/uploads\/2021\/03\/header3-1280x648.jpg)\" style-mobile=\"background-image:url(https:\/\/algietol.nl\/wp-content\/uploads\/2021\/03\/header3-1280x648.jpg)\"><\/div>\n\n\t\t\t\t<div class=\"inner\">\n\t\t\t\t\t<div class=\"grid-container\">\n\t\t\t\t\t\t<div class=\"intro\">\n\t\t\t\t\t\t\t<div class=\"titles\">\n\t\t\t\t\t\t\t\t\t<h1 class=\"big\">IHR PARTNER <span>F\u00dcR DIE ZUKUNFT<\/span><\/h1>\n\t\t\t\t\t\t\t<\/div>\n\t\t\t\t\t\t<\/div>\n\t\t\t\t\t<\/div>\n\t\t\t\t<\/div>\n\n\t\t\t<\/div>\n\n\t\t\n\t\t\t<div>\n\n\t\t\t\t\n\t\t\t\t<div class=\"background\" style=\"background-image:url(https:\/\/algietol.nl\/wp-content\/uploads\/2021\/03\/header2-1280x648.jpg)\" style-mobile=\"background-image:url(https:\/\/algietol.nl\/wp-content\/uploads\/2021\/03\/header2-1280x648.jpg)\"><\/div>\n\n\t\t\t\t<div class=\"inner\">\n\t\t\t\t\t<div class=\"grid-container\">\n\t\t\t\t\t\t<div class=\"intro\">\n\t\t\t\t\t\t\t<div class=\"titles\">\n\t\t\t\t\t\t\t\t\t<h1 class=\"big\">DIE VIELSEITIGSTE <span>GIE\u00dfEREI IN EUROPA<\/span><\/h1>\n\t\t\t\t\t\t\t<\/div>\n\t\t\t\t\t\t<\/div>\n\t\t\t\t\t<\/div>\n\t\t\t\t<\/div>\n\n\t\t\t<\/div>\n\n\t\t\t<\/div>\n<\/div>\n<div class=\"hero-frontpage text-container\">\n\t<div class=\"grid-container\">\n\t\t<div class=\"inner\">\n\t\t\t<p><img loading=\"lazy\" decoding=\"async\" class=\" wp-image-797 alignleft\" src=\"https:\/\/algietol.nl\/wp-content\/uploads\/2021\/03\/madein-300x273.png\" alt=\"\" width=\"139\" height=\"126\" srcset=\"https:\/\/algietol.nl\/wp-content\/uploads\/2021\/03\/madein-300x273.png 300w, https:\/\/algietol.nl\/wp-content\/uploads\/2021\/03\/madein-448x407.png 448w, https:\/\/algietol.nl\/wp-content\/uploads\/2021\/03\/madein.png 624w\" sizes=\"auto, (max-width: 139px) 100vw, 139px\" \/><\/p>\n<p>Aluminium Gieterij Oldenzaal (AGO) ist Ihr Partner wenn es um Aluminiumguss geht. Vom ersten Entwurf bis zum Endprodukt, einschlie\u00dflich Bearbeitung, Montage und Oberfl\u00e4chenbehandlung.<\/p>\n<p>Von unseren Standorten in Oldenzaal, an der Grenze zu Deutschland, versorgen wir Kunden in ganz Europa.<\/p>\n<p>&nbsp;&nbsp;<\/p>\n<div style=\"padding:56.25% 0 0 0;position:relative;\"><iframe src=\"https:\/\/player.vimeo.com\/video\/879716814?h=d3d69c7cb8\" style=\"position:absolute;top:0;left:0;width:100%;height:100%;\" frameborder=\"0\" allow=\"autoplay; fullscreen; picture-in-picture\" allowfullscreen><\/iframe><\/div>\n<p><script src=\"https:\/\/player.vimeo.com\/api\/player.js\"><\/script><\/p>\n\t\t<\/div>\n\t<\/div>\n<\/div>\n\n\n<div class=\"block quote\">\n\t<div class=\"grid-container text-center\">\n\t\t\t\t\t<p>&#8222;Entdecken Sie die St\u00e4rke von AGO!&#8220;<\/p>\n\t\t\t<\/div>\n<\/div>\n\n<div class=\"block accordion\">\n\t<div class=\"grid-container\">\n\n\t\t<div class=\"inner\">\n\n\t\t\t<h2>Onze diensten<\/h2>\n\n\t\t\t<ul class=\"accordion\" data-accordion data-multi-expand=\"true\" data-allow-all-closed=\"true\" >\n\n\t\t\t\t\n\t\t\t\t\t<li class=\"accordion-item\" data-accordion-item>\n\t\t\t\t\t    <!-- Accordion tab title -->\n\t\t\t\t\t    <a href=\"#\" class=\"accordion-title\">Engineering<\/a>\n\n\t\t\t\t\t    <!-- Accordion tab content: it would start in the open state due to using the `is-active` state class. -->\n\t\t\t\t\t    <div class=\"accordion-content\" data-tab-content>\n\t\t\t\t\t     \t<p><p>AGO ist mehr als ein Lieferant. Aufgrund unserer langj\u00e4hrigen Erfahrung sind wir der richtige Partner, um mit IHNEN ein optimales Ergebnis zu erzielen.<\/p>\n<p>Um ein gutes Gussprodukt zu erhalten, bietet AGO seinen Kunden die M\u00f6glichkeit, seine Engineering-Abteilung zu nutzen. Mit Hilfe verschiedener CAD Software Programme arbeiten die Mitarbeiter unserer technischen Abteilung eng mit dem Kunden zusammen. Vorzugsweise ab der Konzeptphase, um so zu der effektivsten L\u00f6sung zu gelangen.<br \/>\nFr\u00fchzeitige Zusammenarbeit verhindert nachtr\u00e4gliche \u00c4nderungen und f\u00fchrt zu einer Kosten- und Zeitersparnis.<\/p>\n<h3><strong>Unsere St\u00e4rken<\/strong><\/h3>\n<ul>\n<li>AGO = Innovationsst\u00e4rke<\/li>\n<li>Partnerschaft mit dem Kunden von der Idee bis zum Endprodukt<\/li>\n<li>Total-Cost-of-Ownership-Ansatz<\/li>\n<li>Substitutionsanalyse und Re-Engineering<\/li>\n<li>OEM \u2013 Entwicklungspartner<\/li>\n<li>Reversed-Engineering<\/li>\n<li>Produkt- und Zusammenstellungstechnik<\/li>\n<li>Gie\u00dfsimulation und Komponentenoptimalisierung<\/li>\n<li>3D CAD, u.a. SolidWorks, Catia, Pro-E und VisiCAD<\/li>\n<li>Prototyping<\/li>\n<li>R&amp;D in enger Zusammenarbeit mit diversen Partnern<\/li>\n<\/ul>\n<\/p>\n\n\t\t\t\t\t  \n\t\t\t\t\t\t\t\n\t\t\t\t\t\t\t\t\n\n\n\n\t\t\t\t\t\t\t\n\n\t\t\t\t\t    <\/div>\n\t\t\t\t\t<\/li>\n\n\t\t\t\t\t\n\n\t\t\t\t\t\n\t\t\t\t\n\t\t\t\t\t<li class=\"accordion-item\" data-accordion-item>\n\t\t\t\t\t    <!-- Accordion tab title -->\n\t\t\t\t\t    <a href=\"#\" class=\"accordion-title\">Aluminiumguss<\/a>\n\n\t\t\t\t\t    <!-- Accordion tab content: it would start in the open state due to using the `is-active` state class. -->\n\t\t\t\t\t    <div class=\"accordion-content\" data-tab-content>\n\t\t\t\t\t     \t<p><p>Was Aluminiumguss betrifft, kommen Sie nicht um uns herum!\u00a0AGO ist eine der vielseitigsten Aluminiumgie\u00dfereien in Europa, mit einer breiten Palette an M\u00f6glichkeiten.<\/p>\n<\/p>\n\n\t\t\t\t\t  \n\t\t\t\t\t\t\t\n\t\t\t\t\t\t\t\n\t\t\t\t\t\t\t\t<div class=\"grid-container fluid\">\n\t\t\t\t\t\t\t\t\t<div class=\"grid-x grid-padding-x grid-margin-y text-center\">\n\n\t\t\t\t\t\t\t\t\t\t\t\t\t\t\t\t\t\t\t        <div class=\"cell small-12 medium-4\">\n\t\t\t\t\t\t\t\t\t        \t\n\t\t\t\t\t\t\t\t\t            <a href=\"https:\/\/algietol.nl\/de\/producten\/prototype-gietwerk\/\">\n\t\t\t\t\t\t\t\t\t            \t<span class=\"grid-x\">\n\t\t\t\t\t\t\t\t\t            \t\t<span class=\"cell\">\n\t\t\t\t\t\t\t            \t\t\t\t\t<img loading=\"lazy\" decoding=\"async\" width=\"300\" height=\"225\" src=\"https:\/\/algietol.nl\/wp-content\/uploads\/2020\/12\/foto-37-final-300x225.jpg\" class=\" wp-post-image\" alt=\"\" srcset=\"https:\/\/algietol.nl\/wp-content\/uploads\/2020\/12\/foto-37-final-300x225.jpg 300w, https:\/\/algietol.nl\/wp-content\/uploads\/2020\/12\/foto-37-final-543x407.jpg 543w, https:\/\/algietol.nl\/wp-content\/uploads\/2020\/12\/foto-37-final.jpg 600w\" sizes=\"auto, (max-width: 300px) 100vw, 300px\" \/>\t\t\t\t\t\t\t            \t\t\t\t<\/span>\n\t\t\t\t\t\t\t            \t\t\t<\/span>\n\t\t\t\t\t\t\t            \t\t\t<span class=\"grid-x\">\n\t\t\t\t\t\t\t\t\t            \t\t<span class=\"cell cattitle\">\n\t\t\t\t\t\t\t            \t\t\t\t\tPrototypeguss\t\n\t\t\t\t\t\t\t            \t\t\t\t<\/span>\n\t\t\t\t\t\t\t            \t\t\t<\/span>\n\t\t\t\t\t\t\t            \t\t\t\n\t\t\t\t\t\t\t\t\t            <\/a>\n\n\t\t\t\t\t\t\t\t\t        <\/div>    \n\t\t\t\t\t\t\t\t\t        \n\t\t\t\t\t\t\t\t\t    \t\t\t\t\t\t\t\t\t        <div class=\"cell small-12 medium-4\">\n\t\t\t\t\t\t\t\t\t        \t\n\t\t\t\t\t\t\t\t\t            <a href=\"https:\/\/algietol.nl\/de\/producten\/kernpakket-gietwerk\/\">\n\t\t\t\t\t\t\t\t\t            \t<span class=\"grid-x\">\n\t\t\t\t\t\t\t\t\t            \t\t<span class=\"cell\">\n\t\t\t\t\t\t\t            \t\t\t\t\t<img loading=\"lazy\" decoding=\"async\" width=\"300\" height=\"225\" src=\"https:\/\/algietol.nl\/wp-content\/uploads\/2020\/12\/foto-42-final-300x225.jpg\" class=\" wp-post-image\" alt=\"\" srcset=\"https:\/\/algietol.nl\/wp-content\/uploads\/2020\/12\/foto-42-final-300x225.jpg 300w, https:\/\/algietol.nl\/wp-content\/uploads\/2020\/12\/foto-42-final-543x407.jpg 543w, https:\/\/algietol.nl\/wp-content\/uploads\/2020\/12\/foto-42-final.jpg 600w\" sizes=\"auto, (max-width: 300px) 100vw, 300px\" \/>\t\t\t\t\t\t\t            \t\t\t\t<\/span>\n\t\t\t\t\t\t\t            \t\t\t<\/span>\n\t\t\t\t\t\t\t            \t\t\t<span class=\"grid-x\">\n\t\t\t\t\t\t\t\t\t            \t\t<span class=\"cell cattitle\">\n\t\t\t\t\t\t\t            \t\t\t\t\tKernpaketguss\t\n\t\t\t\t\t\t\t            \t\t\t\t<\/span>\n\t\t\t\t\t\t\t            \t\t\t<\/span>\n\t\t\t\t\t\t\t            \t\t\t\n\t\t\t\t\t\t\t\t\t            <\/a>\n\n\t\t\t\t\t\t\t\t\t        <\/div>    \n\t\t\t\t\t\t\t\t\t        \n\t\t\t\t\t\t\t\t\t    \t\t\t\t\t\t\t\t\t        <div class=\"cell small-12 medium-4\">\n\t\t\t\t\t\t\t\t\t        \t\n\t\t\t\t\t\t\t\t\t            <a href=\"https:\/\/algietol.nl\/de\/producten\/hoge-drukgietwerk\/\">\n\t\t\t\t\t\t\t\t\t            \t<span class=\"grid-x\">\n\t\t\t\t\t\t\t\t\t            \t\t<span class=\"cell\">\n\t\t\t\t\t\t\t            \t\t\t\t\t<img loading=\"lazy\" decoding=\"async\" width=\"300\" height=\"225\" src=\"https:\/\/algietol.nl\/wp-content\/uploads\/2020\/12\/foto-34-final-300x225.jpg\" class=\" wp-post-image\" alt=\"\" srcset=\"https:\/\/algietol.nl\/wp-content\/uploads\/2020\/12\/foto-34-final-300x225.jpg 300w, https:\/\/algietol.nl\/wp-content\/uploads\/2020\/12\/foto-34-final-543x407.jpg 543w, https:\/\/algietol.nl\/wp-content\/uploads\/2020\/12\/foto-34-final.jpg 600w\" sizes=\"auto, (max-width: 300px) 100vw, 300px\" \/>\t\t\t\t\t\t\t            \t\t\t\t<\/span>\n\t\t\t\t\t\t\t            \t\t\t<\/span>\n\t\t\t\t\t\t\t            \t\t\t<span class=\"grid-x\">\n\t\t\t\t\t\t\t\t\t            \t\t<span class=\"cell cattitle\">\n\t\t\t\t\t\t\t            \t\t\t\t\tDruckguss\t\n\t\t\t\t\t\t\t            \t\t\t\t<\/span>\n\t\t\t\t\t\t\t            \t\t\t<\/span>\n\t\t\t\t\t\t\t            \t\t\t\n\t\t\t\t\t\t\t\t\t            <\/a>\n\n\t\t\t\t\t\t\t\t\t        <\/div>    \n\t\t\t\t\t\t\t\t\t        \n\t\t\t\t\t\t\t\t\t    \t\t\t\t\t\t\t\t\t        <div class=\"cell small-12 medium-4\">\n\t\t\t\t\t\t\t\t\t        \t\n\t\t\t\t\t\t\t\t\t            <a href=\"https:\/\/algietol.nl\/de\/producten\/coquille-gietwerk\/\">\n\t\t\t\t\t\t\t\t\t            \t<span class=\"grid-x\">\n\t\t\t\t\t\t\t\t\t            \t\t<span class=\"cell\">\n\t\t\t\t\t\t\t            \t\t\t\t\t<img loading=\"lazy\" decoding=\"async\" width=\"300\" height=\"225\" src=\"https:\/\/algietol.nl\/wp-content\/uploads\/2020\/12\/foto-31-final-300x225.jpg\" class=\" wp-post-image\" alt=\"\" srcset=\"https:\/\/algietol.nl\/wp-content\/uploads\/2020\/12\/foto-31-final-300x225.jpg 300w, https:\/\/algietol.nl\/wp-content\/uploads\/2020\/12\/foto-31-final-543x407.jpg 543w, https:\/\/algietol.nl\/wp-content\/uploads\/2020\/12\/foto-31-final.jpg 600w\" sizes=\"auto, (max-width: 300px) 100vw, 300px\" \/>\t\t\t\t\t\t\t            \t\t\t\t<\/span>\n\t\t\t\t\t\t\t            \t\t\t<\/span>\n\t\t\t\t\t\t\t            \t\t\t<span class=\"grid-x\">\n\t\t\t\t\t\t\t\t\t            \t\t<span class=\"cell cattitle\">\n\t\t\t\t\t\t\t            \t\t\t\t\tKokillenguss\t\n\t\t\t\t\t\t\t            \t\t\t\t<\/span>\n\t\t\t\t\t\t\t            \t\t\t<\/span>\n\t\t\t\t\t\t\t            \t\t\t\n\t\t\t\t\t\t\t\t\t            <\/a>\n\n\t\t\t\t\t\t\t\t\t        <\/div>    \n\t\t\t\t\t\t\t\t\t        \n\t\t\t\t\t\t\t\t\t    \t\t\t\t\t\t\t\t\t        <div class=\"cell small-12 medium-4\">\n\t\t\t\t\t\t\t\t\t        \t\n\t\t\t\t\t\t\t\t\t            <a href=\"https:\/\/algietol.nl\/de\/producten\/machinaal-gevorm-zandgietwerk\/\">\n\t\t\t\t\t\t\t\t\t            \t<span class=\"grid-x\">\n\t\t\t\t\t\t\t\t\t            \t\t<span class=\"cell\">\n\t\t\t\t\t\t\t            \t\t\t\t\t<img loading=\"lazy\" decoding=\"async\" width=\"300\" height=\"225\" src=\"https:\/\/algietol.nl\/wp-content\/uploads\/2020\/11\/foto-24-final@2x-300x225.png\" class=\" wp-post-image\" alt=\"\" srcset=\"https:\/\/algietol.nl\/wp-content\/uploads\/2020\/11\/foto-24-final@2x-300x225.png 300w, https:\/\/algietol.nl\/wp-content\/uploads\/2020\/11\/foto-24-final@2x.png 414w\" sizes=\"auto, (max-width: 300px) 100vw, 300px\" \/>\t\t\t\t\t\t\t            \t\t\t\t<\/span>\n\t\t\t\t\t\t\t            \t\t\t<\/span>\n\t\t\t\t\t\t\t            \t\t\t<span class=\"grid-x\">\n\t\t\t\t\t\t\t\t\t            \t\t<span class=\"cell cattitle\">\n\t\t\t\t\t\t\t            \t\t\t\t\tMaschinellgerformer Sandguss\t\n\t\t\t\t\t\t\t            \t\t\t\t<\/span>\n\t\t\t\t\t\t\t            \t\t\t<\/span>\n\t\t\t\t\t\t\t            \t\t\t\n\t\t\t\t\t\t\t\t\t            <\/a>\n\n\t\t\t\t\t\t\t\t\t        <\/div>    \n\t\t\t\t\t\t\t\t\t        \n\t\t\t\t\t\t\t\t\t    \t\t\t\t\t\t\t\t\t        <div class=\"cell small-12 medium-4\">\n\t\t\t\t\t\t\t\t\t        \t\n\t\t\t\t\t\t\t\t\t            <a href=\"https:\/\/algietol.nl\/de\/producten\/handvorm-zandgietwerk\/\">\n\t\t\t\t\t\t\t\t\t            \t<span class=\"grid-x\">\n\t\t\t\t\t\t\t\t\t            \t\t<span class=\"cell\">\n\t\t\t\t\t\t\t            \t\t\t\t\t<img loading=\"lazy\" decoding=\"async\" width=\"300\" height=\"225\" src=\"https:\/\/algietol.nl\/wp-content\/uploads\/2020\/11\/foto-21-final-300x225.jpg\" class=\" wp-post-image\" alt=\"\" srcset=\"https:\/\/algietol.nl\/wp-content\/uploads\/2020\/11\/foto-21-final-300x225.jpg 300w, https:\/\/algietol.nl\/wp-content\/uploads\/2020\/11\/foto-21-final-543x407.jpg 543w, https:\/\/algietol.nl\/wp-content\/uploads\/2020\/11\/foto-21-final.jpg 600w\" sizes=\"auto, (max-width: 300px) 100vw, 300px\" \/>\t\t\t\t\t\t\t            \t\t\t\t<\/span>\n\t\t\t\t\t\t\t            \t\t\t<\/span>\n\t\t\t\t\t\t\t            \t\t\t<span class=\"grid-x\">\n\t\t\t\t\t\t\t\t\t            \t\t<span class=\"cell cattitle\">\n\t\t\t\t\t\t\t            \t\t\t\t\tHandform-Sandguss\t\n\t\t\t\t\t\t\t            \t\t\t\t<\/span>\n\t\t\t\t\t\t\t            \t\t\t<\/span>\n\t\t\t\t\t\t\t            \t\t\t\n\t\t\t\t\t\t\t\t\t            <\/a>\n\n\t\t\t\t\t\t\t\t\t        <\/div>    \n\t\t\t\t\t\t\t\t\t        \n\t\t\t\t\t\t\t\t\t    \n\t\t\t\t\t\t\t\t\t<\/div>\n\t\t\t\t\t\t\t\t<\/div>\n\t\t\t\t\t\t\t\t\n\n\n\n\t\t\t\t\t\t\t\n\n\t\t\t\t\t    <\/div>\n\t\t\t\t\t<\/li>\n\n\t\t\t\t\t\n\n\t\t\t\t\t\n\t\t\t\t\n\t\t\t\t\t<li class=\"accordion-item\" data-accordion-item>\n\t\t\t\t\t    <!-- Accordion tab title -->\n\t\t\t\t\t    <a href=\"#\" class=\"accordion-title\">Endbearbeitung Gussteile<\/a>\n\n\t\t\t\t\t    <!-- Accordion tab content: it would start in the open state due to using the `is-active` state class. -->\n\t\t\t\t\t    <div class=\"accordion-content\" data-tab-content>\n\t\t\t\t\t     \t<p><\/p>\n\n\t\t\t\t\t  \n\t\t\t\t\t\t\t\n\t\t\t\t\t\t\t\n\t\t\t\t\t\t\t\t<div class=\"grid-container fluid\">\n\t\t\t\t\t\t\t\t\t<div class=\"grid-x grid-padding-x grid-margin-y text-center\">\n\n\t\t\t\t\t\t\t\t\t\t\t\t\t\t\t\t\t\t\t        <div class=\"cell small-12 medium-4\">\n\t\t\t\t\t\t\t\t\t        \t\n\t\t\t\t\t\t\t\t\t            <a href=\"https:\/\/algietol.nl\/de\/producten\/assemblage\/\">\n\t\t\t\t\t\t\t\t\t            \t<span class=\"grid-x\">\n\t\t\t\t\t\t\t\t\t            \t\t<span class=\"cell\">\n\t\t\t\t\t\t\t            \t\t\t\t\t<img loading=\"lazy\" decoding=\"async\" width=\"300\" height=\"225\" src=\"https:\/\/algietol.nl\/wp-content\/uploads\/2020\/11\/foto-26-final-B-300x225.jpg\" class=\" wp-post-image\" alt=\"\" srcset=\"https:\/\/algietol.nl\/wp-content\/uploads\/2020\/11\/foto-26-final-B-300x225.jpg 300w, https:\/\/algietol.nl\/wp-content\/uploads\/2020\/11\/foto-26-final-B-543x407.jpg 543w, https:\/\/algietol.nl\/wp-content\/uploads\/2020\/11\/foto-26-final-B.jpg 600w\" sizes=\"auto, (max-width: 300px) 100vw, 300px\" \/>\t\t\t\t\t\t\t            \t\t\t\t<\/span>\n\t\t\t\t\t\t\t            \t\t\t<\/span>\n\t\t\t\t\t\t\t            \t\t\t<span class=\"grid-x\">\n\t\t\t\t\t\t\t\t\t            \t\t<span class=\"cell cattitle\">\n\t\t\t\t\t\t\t            \t\t\t\t\tMontage\t\n\t\t\t\t\t\t\t            \t\t\t\t<\/span>\n\t\t\t\t\t\t\t            \t\t\t<\/span>\n\t\t\t\t\t\t\t            \t\t\t\n\t\t\t\t\t\t\t\t\t            <\/a>\n\n\t\t\t\t\t\t\t\t\t        <\/div>    \n\t\t\t\t\t\t\t\t\t        \n\t\t\t\t\t\t\t\t\t    \t\t\t\t\t\t\t\t\t        <div class=\"cell small-12 medium-4\">\n\t\t\t\t\t\t\t\t\t        \t\n\t\t\t\t\t\t\t\t\t            <a href=\"https:\/\/algietol.nl\/de\/producten\/bewerking\/\">\n\t\t\t\t\t\t\t\t\t            \t<span class=\"grid-x\">\n\t\t\t\t\t\t\t\t\t            \t\t<span class=\"cell\">\n\t\t\t\t\t\t\t            \t\t\t\t\t<img loading=\"lazy\" decoding=\"async\" width=\"300\" height=\"225\" src=\"https:\/\/algietol.nl\/wp-content\/uploads\/2020\/12\/foto-36-final-300x225.jpg\" class=\" wp-post-image\" alt=\"\" srcset=\"https:\/\/algietol.nl\/wp-content\/uploads\/2020\/12\/foto-36-final-300x225.jpg 300w, https:\/\/algietol.nl\/wp-content\/uploads\/2020\/12\/foto-36-final-543x407.jpg 543w, https:\/\/algietol.nl\/wp-content\/uploads\/2020\/12\/foto-36-final.jpg 600w\" sizes=\"auto, (max-width: 300px) 100vw, 300px\" \/>\t\t\t\t\t\t\t            \t\t\t\t<\/span>\n\t\t\t\t\t\t\t            \t\t\t<\/span>\n\t\t\t\t\t\t\t            \t\t\t<span class=\"grid-x\">\n\t\t\t\t\t\t\t\t\t            \t\t<span class=\"cell cattitle\">\n\t\t\t\t\t\t\t            \t\t\t\t\tBearbeitung\t\n\t\t\t\t\t\t\t            \t\t\t\t<\/span>\n\t\t\t\t\t\t\t            \t\t\t<\/span>\n\t\t\t\t\t\t\t            \t\t\t\n\t\t\t\t\t\t\t\t\t            <\/a>\n\n\t\t\t\t\t\t\t\t\t        <\/div>    \n\t\t\t\t\t\t\t\t\t        \n\t\t\t\t\t\t\t\t\t    \n\t\t\t\t\t\t\t\t\t<\/div>\n\t\t\t\t\t\t\t\t<\/div>\n\t\t\t\t\t\t\t\t\n\n\n\n\t\t\t\t\t\t\t\n\n\t\t\t\t\t    <\/div>\n\t\t\t\t\t<\/li>\n\n\t\t\t\t\t\n\n\t\t\t\t\t\n\t\t\t\t\n\t\t\t\t\t<li class=\"accordion-item\" data-accordion-item>\n\t\t\t\t\t    <!-- Accordion tab title -->\n\t\t\t\t\t    <a href=\"#\" class=\"accordion-title\">Qualit\u00e4t<\/a>\n\n\t\t\t\t\t    <!-- Accordion tab content: it would start in the open state due to using the `is-active` state class. -->\n\t\t\t\t\t    <div class=\"accordion-content\" data-tab-content>\n\t\t\t\t\t     \t<p><p>Der Kunde steht bei AGO im Mittelpunkt! Zur Gew\u00e4hrleistung unserer Qualit\u00e4t sind all unsere Prozesse in bestimmten Verfahren gem\u00e4\u00df diverser Qualit\u00e4tssysteme festgelegt.<\/p>\n<\/p>\n\n\t\t\t\t\t  \n\t\t\t\t\t\t\t\n\t\t\t\t\t\t\t\n\t\t\t\t\t\t\t\t<div class=\"grid-container fluid\">\n\t\t\t\t\t\t\t\t\t<div class=\"grid-x grid-padding-x grid-margin-y text-center\">\n\n\t\t\t\t\t\t\t\t\t\t\t\t\t\t\t\t\t\t\t        <div class=\"cell small-12 medium-4\">\n\t\t\t\t\t\t\t\t\t        \t\n\t\t\t\t\t\t\t\t\t            <a href=\"https:\/\/algietol.nl\/de\/producten\/certificaten\/\">\n\t\t\t\t\t\t\t\t\t            \t<span class=\"grid-x\">\n\t\t\t\t\t\t\t\t\t            \t\t<span class=\"cell\">\n\t\t\t\t\t\t\t            \t\t\t\t\t<img loading=\"lazy\" decoding=\"async\" width=\"300\" height=\"139\" src=\"https:\/\/algietol.nl\/wp-content\/uploads\/2020\/12\/certificate.png\" class=\" wp-post-image\" alt=\"\" \/>\t\t\t\t\t\t\t            \t\t\t\t<\/span>\n\t\t\t\t\t\t\t            \t\t\t<\/span>\n\t\t\t\t\t\t\t            \t\t\t<span class=\"grid-x\">\n\t\t\t\t\t\t\t\t\t            \t\t<span class=\"cell cattitle\">\n\t\t\t\t\t\t\t            \t\t\t\t\tCertificaten\t\n\t\t\t\t\t\t\t            \t\t\t\t<\/span>\n\t\t\t\t\t\t\t            \t\t\t<\/span>\n\t\t\t\t\t\t\t            \t\t\t\n\t\t\t\t\t\t\t\t\t            <\/a>\n\n\t\t\t\t\t\t\t\t\t        <\/div>    \n\t\t\t\t\t\t\t\t\t        \n\t\t\t\t\t\t\t\t\t    \t\t\t\t\t\t\t\t\t        <div class=\"cell small-12 medium-4\">\n\t\t\t\t\t\t\t\t\t        \t\n\t\t\t\t\t\t\t\t\t            <a href=\"https:\/\/algietol.nl\/de\/producten\/kwaliteitsmanagement\/\">\n\t\t\t\t\t\t\t\t\t            \t<span class=\"grid-x\">\n\t\t\t\t\t\t\t\t\t            \t\t<span class=\"cell\">\n\t\t\t\t\t\t\t            \t\t\t\t\t<img loading=\"lazy\" decoding=\"async\" width=\"300\" height=\"139\" src=\"https:\/\/algietol.nl\/wp-content\/uploads\/2020\/12\/quality.png\" class=\" wp-post-image\" alt=\"\" \/>\t\t\t\t\t\t\t            \t\t\t\t<\/span>\n\t\t\t\t\t\t\t            \t\t\t<\/span>\n\t\t\t\t\t\t\t            \t\t\t<span class=\"grid-x\">\n\t\t\t\t\t\t\t\t\t            \t\t<span class=\"cell cattitle\">\n\t\t\t\t\t\t\t            \t\t\t\t\tKwaliteitsmanagement\t\n\t\t\t\t\t\t\t            \t\t\t\t<\/span>\n\t\t\t\t\t\t\t            \t\t\t<\/span>\n\t\t\t\t\t\t\t            \t\t\t\n\t\t\t\t\t\t\t\t\t            <\/a>\n\n\t\t\t\t\t\t\t\t\t        <\/div>    \n\t\t\t\t\t\t\t\t\t        \n\t\t\t\t\t\t\t\t\t    \t\t\t\t\t\t\t\t\t        <div class=\"cell small-12 medium-4\">\n\t\t\t\t\t\t\t\t\t        \t\n\t\t\t\t\t\t\t\t\t            <a href=\"https:\/\/algietol.nl\/de\/producten\/test-en-beproeven\/\">\n\t\t\t\t\t\t\t\t\t            \t<span class=\"grid-x\">\n\t\t\t\t\t\t\t\t\t            \t\t<span class=\"cell\">\n\t\t\t\t\t\t\t            \t\t\t\t\t<img loading=\"lazy\" decoding=\"async\" width=\"300\" height=\"139\" src=\"https:\/\/algietol.nl\/wp-content\/uploads\/2020\/12\/scan.png\" class=\" wp-post-image\" alt=\"\" \/>\t\t\t\t\t\t\t            \t\t\t\t<\/span>\n\t\t\t\t\t\t\t            \t\t\t<\/span>\n\t\t\t\t\t\t\t            \t\t\t<span class=\"grid-x\">\n\t\t\t\t\t\t\t\t\t            \t\t<span class=\"cell cattitle\">\n\t\t\t\t\t\t\t            \t\t\t\t\tTest en beproeven\t\n\t\t\t\t\t\t\t            \t\t\t\t<\/span>\n\t\t\t\t\t\t\t            \t\t\t<\/span>\n\t\t\t\t\t\t\t            \t\t\t\n\t\t\t\t\t\t\t\t\t            <\/a>\n\n\t\t\t\t\t\t\t\t\t        <\/div>    \n\t\t\t\t\t\t\t\t\t        \n\t\t\t\t\t\t\t\t\t    \n\t\t\t\t\t\t\t\t\t<\/div>\n\t\t\t\t\t\t\t\t<\/div>\n\t\t\t\t\t\t\t\t\n\n\n\n\t\t\t\t\t\t\t\n\n\t\t\t\t\t    <\/div>\n\t\t\t\t\t<\/li>\n\n\t\t\t\t\t\n\n\t\t\t\t\t\n\t\t\t\t\t\n\n\t\t\t<\/ul>\n\n\n\t\t<\/div>\n\n\t<\/div>\n<\/div>\n\n<div class=\"block certificates\">\n\t<div class=\"grid-container\">\n\t\t<div class=\"inner\">\n\t\t\t<h3>Zertifikate<\/h3>\n\t\t\t<div class=\"grid-x\">\n\t\t\t\t<div class=\"cell medium-6 large-6\">\n\t\t\t\t\t<p>Die verliehene Zertifikate weissen auf den hohen Ansprach der Aluminium Gieterij Oldenzaal BV hin.<\/p>\n\t\t\t\t<\/div>\n\t\t\t\t<div class=\"cell medium-6 large-6\">\n\t\t\t\t\t<div class=\"grid-x grid-padding-x\">\n\n\t\t\t\t\t\t<div class=\"cell medium-6\"><a href=\"https:\/\/algietol.nl\/wp-content\/uploads\/2024\/05\/WF_0000305534_BVC-1.pdf\"><img loading=\"lazy\" decoding=\"async\" width=\"180\" height=\"90\" src=\"https:\/\/algietol.nl\/wp-content\/uploads\/2022\/09\/16949-2016.png\" class=\"attachment-medium size-medium\" alt=\"\" \/><\/a><\/div><div class=\"cell medium-6\"><a href=\"https:\/\/algietol.nl\/wp-content\/uploads\/2021\/03\/292318_Certificate_BE010804_Aluminium_Gieterij_Oldenzaal_IATF_16949_2018-2021_ENv2_15.03.2019.pdf\"><img loading=\"lazy\" decoding=\"async\" width=\"180\" height=\"90\" src=\"https:\/\/algietol.nl\/wp-content\/uploads\/2022\/09\/logo_iso_9001-1.png\" class=\"attachment-medium size-medium\" alt=\"\" \/><\/a><\/div><div class=\"cell medium-6\"><a href=\"https:\/\/algietol.nl\/wp-content\/uploads\/2022\/05\/0918_001.pdf\"><img loading=\"lazy\" decoding=\"async\" width=\"180\" height=\"90\" src=\"https:\/\/algietol.nl\/wp-content\/uploads\/2022\/09\/isco14001.png\" class=\"attachment-medium size-medium\" alt=\"\" \/><\/a><\/div>\n\t\t\t\t\t<\/div>\n\t\t\t\t<\/div>\n\t\t\t<\/div>\n\n\t\t<\/div>\n\t\t\n\t<\/div>\n<\/div>\n\n\n<div class=\"block newsitems\">\n\t<div class=\"grid-container\">\n\t\t<div class=\"inner\">\n\t\t\t<h3>Aktuelles<\/h3>\n\n\t\t\t\n\t\t\t\n\t\t\t\t<div class=\"grid-container full\">\n\t\t\t\t\t\n\t\t\t\t\t\t\t\t\t\t\t        <div class=\"grid-x\">\n\n\t\t\t\t\t\t        <div class=\"cell small-2 medium-4\">\n\t\t\t\t\t\t        \t<a href=\"https:\/\/algietol.nl\/de\/aluminium-gieterij-oldenzaal-investiert-in-zweite-smartt-process-control-von-foseco\/\">\n\t\t\t\t\t\t\t        \t<img loading=\"lazy\" decoding=\"async\" width=\"300\" height=\"300\" src=\"https:\/\/algietol.nl\/wp-content\/uploads\/2018\/05\/3-300x300.png\" class=\" wp-post-image\" alt=\"\" srcset=\"https:\/\/algietol.nl\/wp-content\/uploads\/2018\/05\/3-300x300.png 300w, https:\/\/algietol.nl\/wp-content\/uploads\/2018\/05\/3-150x150.png 150w, https:\/\/algietol.nl\/wp-content\/uploads\/2018\/05\/3-407x407.png 407w, https:\/\/algietol.nl\/wp-content\/uploads\/2018\/05\/3-255x255.png 255w, https:\/\/algietol.nl\/wp-content\/uploads\/2018\/05\/3.png 640w\" sizes=\"auto, (max-width: 300px) 100vw, 300px\" \/>\t\t\t\t\t\t\t        <\/a>\n\t\t\t\t\t\t        <\/div>\n\t\t\t\t\t\t        \t\n\t\t\t\t\t\t        <div class=\"cell small-9 small-offset-1 medium-7 medium-offset-1\">\n\t\t\t\t\t\t        \t<a class=\"title\" href=\"https:\/\/algietol.nl\/de\/aluminium-gieterij-oldenzaal-investiert-in-zweite-smartt-process-control-von-foseco\/\">\n\t\t\t\t            \t\t\tAluminium Gieterij Oldenzaal investiert in zweite SMARTT Process Control von Foseco\t\t\t\n\t\t\t\t\t\t            <\/a> <br>\n\t\t\t\t\t\t            <p>Nach intensive Untersuchung und praktische Versuchen ist Aluminium Gieterij Oldenzaal die erste Gie\u00dferei in den Niederlanden welche investiert in SMARTT Process control von Foseco.<\/p>\n\n\t\t\t\t\t\t            \n\t\t\t\t\t\t            <a class=\"button\" href=\"https:\/\/algietol.nl\/de\/aktuelles\/\">\n\t\t\t\t            \t\t\tWeiter lesen >\t\t\n\t\t\t\t\t\t            <\/a>\n\t\t\t\t\t\t        <\/div>\t\n\n\t\t\t\t\t        <\/div>\n\n\t\t\t\t\t    \t\t\t\t\t\n\t\t\t\t<\/div>\n\t\t\t\t\n\n\t\t<\/div>\n\t\t\n\t<\/div>\n<\/div>\n","protected":false},"excerpt":{"rendered":"","protected":false},"author":1,"featured_media":0,"parent":0,"menu_order":0,"comment_status":"closed","ping_status":"closed","template":"","meta":{"_acf_changed":false,"footnotes":""},"class_list":["post-814","page","type-page","status-publish","hentry"],"acf":[],"_links":{"self":[{"href":"https:\/\/algietol.nl\/de\/wp-json\/wp\/v2\/pages\/814","targetHints":{"allow":["GET"]}}],"collection":[{"href":"https:\/\/algietol.nl\/de\/wp-json\/wp\/v2\/pages"}],"about":[{"href":"https:\/\/algietol.nl\/de\/wp-json\/wp\/v2\/types\/page"}],"author":[{"embeddable":true,"href":"https:\/\/algietol.nl\/de\/wp-json\/wp\/v2\/users\/1"}],"replies":[{"embeddable":true,"href":"https:\/\/algietol.nl\/de\/wp-json\/wp\/v2\/comments?post=814"}],"version-history":[{"count":3,"href":"https:\/\/algietol.nl\/de\/wp-json\/wp\/v2\/pages\/814\/revisions"}],"predecessor-version":[{"id":1585,"href":"https:\/\/algietol.nl\/de\/wp-json\/wp\/v2\/pages\/814\/revisions\/1585"}],"wp:attachment":[{"href":"https:\/\/algietol.nl\/de\/wp-json\/wp\/v2\/media?parent=814"}],"curies":[{"name":"wp","href":"https:\/\/api.w.org\/{rel}","templated":true}]}}