{"id":1014,"date":"2020-11-03T12:30:18","date_gmt":"2020-11-03T12:30:18","guid":{"rendered":"https:\/\/algietol.nl\/index.php\/over-ons\/"},"modified":"2021-06-30T11:29:25","modified_gmt":"2021-06-30T10:29:25","slug":"over-ons","status":"publish","type":"page","link":"https:\/\/algietol.nl\/de\/over-ons\/","title":{"rendered":"\u00dcber uns"},"content":{"rendered":"<div class=\"block hero-plain\">\n\t<div class=\"backgrounds\">\n\t\t<div class=\"backgrounds-slider\">\n\t\t\t\t\t\t\t\t\t\t\t\t\t\t<div class=\"background\" style=\"background-image:url(https:\/\/algietol.nl\/wp-content\/uploads\/2021\/03\/header2-1280x648.jpg)\"><\/div>\n\n\t\t\t\t\t\t<\/div>\n\t<\/div>\n\n\t<div class=\"inner\">\n\t\t<div class=\"grid-container\">\n\n\t\t\t<div class=\"intro\">\n\t\t\t\t<div class=\"titles\">\n\t\t\t\t\t\t<h1 class=\"big\">\u00dcber uns<\/h1>\n\t\t\t\t<\/div>\n\t\t\t<\/div>\n\t\t\t\n\t\t<\/div>\n\t<\/div>\n\n<\/div>\n\n<div class=\"hero-plain text-container\">\n\t<div class=\"grid-container\">\n\t\t<div class=\"inner\">\n\t\t\t<p><strong>Aluminium Gieterij Oldenzaal (AGO) BV ist ein unabh\u00e4ngiges Unternehmen und hat sich, seit seiner Gr\u00fcndung im Jahr 1977, auf die Lieferung von maschinellen Gussteilen, sowie Handform- und Kokillenguss spezialisiert. Im Jahr 1990 wurde eine zweite Niederlassung er\u00f6ffnet. Der Handform- und Kokillenguss wurde daraufhin an diesen Standort verlegt und ausgebreitet.<\/strong><\/p>\n<p>Im Jahr 1997 gr\u00fcndete AGO das Tochterunternehmen Aluthix. Aluthix spezialisiert sich auf die Zulieferung von Hochdruck-, Squeeze-Cast- und Thixocast-Produkten.<\/p>\n<p>Mittlerweile verf\u00fcgt AGO \u00fcber 4 Standorte, darunter eine Kernpaketgie\u00dferei, sodass wir noch besser in der Lage sind, \u00e4u\u00dferst komplexe Gussteile in Serie und unter h\u00f6chsten Qualit\u00e4tsanforderungen zu produzieren.<\/p>\n<p>AGO richtet sich an folgende M\u00e4rkte:<br \/>\nMaschinenbau, Nahrungsmittel, Motoren, Energie, Jachtbau, Verteidigung, Heiztechnik, Medizin, M\u00f6belindustrie, Modell- und Matrizenbau.<\/p>\n<p>Eine Besonderheit in unserer Handformgie\u00dferei ist das Gie\u00dfen von Matrizenteilen f\u00fcr Kunststoff-Vakuumformen und Rotationsgie\u00dfen.<\/p>\n<p>&nbsp;<\/p>\n<p><img loading=\"lazy\" decoding=\"async\" class=\"alignnone size-medium wp-image-516\" src=\"http:\/\/algietol.nl\/wp-content\/uploads\/2020\/12\/header4-300x101.jpg\" alt=\"\" width=\"300\" height=\"101\" srcset=\"https:\/\/algietol.nl\/wp-content\/uploads\/2020\/12\/header4-300x101.jpg 300w, https:\/\/algietol.nl\/wp-content\/uploads\/2020\/12\/header4-1024x346.jpg 1024w, https:\/\/algietol.nl\/wp-content\/uploads\/2020\/12\/header4-768x259.jpg 768w, https:\/\/algietol.nl\/wp-content\/uploads\/2020\/12\/header4-1536x518.jpg 1536w, https:\/\/algietol.nl\/wp-content\/uploads\/2020\/12\/header4-600x203.jpg 600w, https:\/\/algietol.nl\/wp-content\/uploads\/2020\/12\/header4.jpg 1920w\" sizes=\"auto, (max-width: 300px) 100vw, 300px\" \/> <img loading=\"lazy\" decoding=\"async\" class=\"alignnone size-medium wp-image-555\" src=\"http:\/\/algietol.nl\/wp-content\/uploads\/2021\/03\/header_overons-300x101.jpg\" alt=\"\" width=\"300\" height=\"101\" srcset=\"https:\/\/algietol.nl\/wp-content\/uploads\/2021\/03\/header_overons-300x101.jpg 300w, https:\/\/algietol.nl\/wp-content\/uploads\/2021\/03\/header_overons-1024x346.jpg 1024w, https:\/\/algietol.nl\/wp-content\/uploads\/2021\/03\/header_overons-768x259.jpg 768w, https:\/\/algietol.nl\/wp-content\/uploads\/2021\/03\/header_overons-1536x518.jpg 1536w, https:\/\/algietol.nl\/wp-content\/uploads\/2021\/03\/header_overons-600x203.jpg 600w, https:\/\/algietol.nl\/wp-content\/uploads\/2021\/03\/header_overons.jpg 1920w\" sizes=\"auto, (max-width: 300px) 100vw, 300px\" \/><\/p>\n\t\t<\/div>\n\t<\/div>\n<\/div>\n\n\n<div class=\"block accordion\">\n\t<div class=\"grid-container\">\n\n\t\t<div class=\"inner\">\n\n\t\t\t<h2>Locaties<\/h2>\n\n\t\t\t<ul class=\"accordion\" data-accordion data-multi-expand=\"true\" data-allow-all-closed=\"true\" >\n\n\t\t\t\t\n\t\t\t\t\t<li class=\"accordion-item\" data-accordion-item>\n\t\t\t\t\t    <!-- Accordion tab title -->\n\t\t\t\t\t    <a href=\"#\" class=\"accordion-title\">Standort Kleibultweg 70 \u2013 Machinelle Sandformgiesserei<\/a>\n\n\t\t\t\t\t    <!-- Accordion tab content: it would start in the open state due to using the `is-active` state class. -->\n\t\t\t\t\t    <div class=\"accordion-content\" data-tab-content>\n\t\t\t\t\t     \t<p><p>An diesem Standort hat AGO im Jahr 1977 seine Aktivit\u00e4ten mit Handformguss, maschinellem Guss und Kokillenguss begonnen. Inzwischen befindet sich die Handformgie\u00dferei an unserem anderen Standort 45-47, und haben wir als erste Gie\u00dferei in den Niederlanden eine vollautomatische Seiatsu-Formanlage erworben und installiert. Innovation und Qualit\u00e4t sind der Antrieb unseres Unternehmens, wobei Sie als Kunde im Mittelpunkt stehen.<\/p>\n<\/p>\n\n\t\t\t\t\t  \n\t\t\t\t\t\t\t\n\t\t\t\t\t\t\t\t\n\n\n\n\t\t\t\t\t\t\t\n\n\t\t\t\t\t    <\/div>\n\t\t\t\t\t<\/li>\n\n\t\t\t\t\t\n\n\t\t\t\t\t\n\t\t\t\t\n\t\t\t\t\t<li class=\"accordion-item\" data-accordion-item>\n\t\t\t\t\t    <!-- Accordion tab title -->\n\t\t\t\t\t    <a href=\"#\" class=\"accordion-title\">Standort Kleibultweg 47 \u2013 Handformguss &#038; Kernpaketgiesserei<\/a>\n\n\t\t\t\t\t    <!-- Accordion tab content: it would start in the open state due to using the `is-active` state class. -->\n\t\t\t\t\t    <div class=\"accordion-content\" data-tab-content>\n\t\t\t\t\t     \t<p><p>An diesem Standort hat AGO seine Handformguss-Aktivit\u00e4ten, in einer neuen, sehr modern eingerichteten Produktionshalle weiter ausgebaut. Neben der Handformgie\u00dferei befindet sich hier auch die Kernpaket-Gie\u00dferei. Hier k\u00f6nnen wir f\u00fcr Sie \u00e4u\u00dferst komplexe und detaillierte Produkte fertigen, von Einzelst\u00fccken bis hin zur Serienproduktion.<\/p>\n<\/p>\n\n\t\t\t\t\t  \n\t\t\t\t\t\t\t\n\t\t\t\t\t\t\t\t\n\n\n\n\t\t\t\t\t\t\t\n\n\t\t\t\t\t    <\/div>\n\t\t\t\t\t<\/li>\n\n\t\t\t\t\t\n\n\t\t\t\t\t\n\t\t\t\t\n\t\t\t\t\t<li class=\"accordion-item\" data-accordion-item>\n\t\t\t\t\t    <!-- Accordion tab title -->\n\t\t\t\t\t    <a href=\"#\" class=\"accordion-title\">Standort Kleibultweg 12 \u2013 Kokillen- und Hochdruckgiesserei<\/a>\n\n\t\t\t\t\t    <!-- Accordion tab content: it would start in the open state due to using the `is-active` state class. -->\n\t\t\t\t\t    <div class=\"accordion-content\" data-tab-content>\n\t\t\t\t\t     \t<p><p>Als n\u00e4chsten logischen Schritt, nach der Handformgie\u00dferei und der maschinellen Gie\u00dferei, hat AGO hier an diesem Standort mit seiner Hochdruckgie\u00dferei begonnen. Damit haben wir die W\u00fcnsche unserer Kunden umgesetzt und unsere Fachkenntnis auch auf diesem Gebiet eingebracht. Unsere Kunden haben somit einen zuverl\u00e4ssigen Partner, der eine breite Palette an M\u00f6glichkeiten bietet.<\/p>\n<\/p>\n\n\t\t\t\t\t  \n\t\t\t\t\t\t\t\n\t\t\t\t\t\t\t\t\n\n\n\n\t\t\t\t\t\t\t\n\n\t\t\t\t\t    <\/div>\n\t\t\t\t\t<\/li>\n\n\t\t\t\t\t\n\n\t\t\t\t\t\n\t\t\t\t\n\t\t\t\t\t<li class=\"accordion-item\" data-accordion-item>\n\t\t\t\t\t    <!-- Accordion tab title -->\n\t\t\t\t\t    <a href=\"#\" class=\"accordion-title\">Standort Ainsworthstraat 20 \u2013 Endbearbeitung, endkontrolle und versand<\/a>\n\n\t\t\t\t\t    <!-- Accordion tab content: it would start in the open state due to using the `is-active` state class. -->\n\t\t\t\t\t    <div class=\"accordion-content\" data-tab-content>\n\t\t\t\t\t     \t<p><p>An diesem Standort treffen die Gussteile unserer Gie\u00dfereien zur vollst\u00e4ndigen Endbearbeitung aufeinander. Im Jahr 2010 hielt der erste Schleifroboter seinen Einzug, der in einem Arbeitsgang sowohl gie\u00dftechnische Elemente als auch Grate von den Gussteilen entfernt. Mittlerweile hat AGO mehrere Schleifroboter f\u00fcr die Endbearbeitung seiner Gussteile. Nach der Endbearbeitung werden die Gussteile gestrahlt und einer letzten Qualit\u00e4tskontrolle unterzogen. Nach dieser Kontrolle werden die Gussteile verpackt und an unsere Kunden versandt.<\/p>\n<\/p>\n\n\t\t\t\t\t  \n\t\t\t\t\t\t\t\n\t\t\t\t\t\t\t\t\n\n\n\n\t\t\t\t\t\t\t\n\n\t\t\t\t\t    <\/div>\n\t\t\t\t\t<\/li>\n\n\t\t\t\t\t\n\n\t\t\t\t\t\n\t\t\t\t\n\t\t\t\t\t<li class=\"accordion-item\" data-accordion-item>\n\t\t\t\t\t    <!-- Accordion tab title -->\n\t\t\t\t\t    <a href=\"#\" class=\"accordion-title\">Alles an einer Strasse<\/a>\n\n\t\t\t\t\t    <!-- Accordion tab content: it would start in the open state due to using the `is-active` state class. -->\n\t\t\t\t\t    <div class=\"accordion-content\" data-tab-content>\n\t\t\t\t\t     \t<p><p>Unsere verschiedenen Standorte befinden sich an derselben Stra\u00dfe, wobei sich unsere Handformgie\u00dferei sogar gegen\u00fcber unserer maschinellen Gie\u00dferei befindet. Eine einzigartige Situation, die es uns sogar erm\u00f6glicht einen wechselseitigen Austausch stattfinden zu lassen. Wir achten sehr bewusst darauf, dass Wissen und Erfahrung an all unseren Standorten ausgetauscht werden, sodass wir eine kontinuierliche Verbesserung gew\u00e4hrleisten k\u00f6nnen, die weit \u00fcber eine normale Prozessverbesserung hinausgeht. In unseren Gie\u00dfereien arbeiten Fachleute, die mit Leidenschaft Ihre Herausforderungen anpacken und jedes Mal H\u00f6chstleistungen liefern und somit Ihre und unsere Zukunft sichern.<\/p>\n<\/p>\n\n\t\t\t\t\t  \n\t\t\t\t\t\t\t\n\t\t\t\t\t\t\t\t\n\n\n\n\t\t\t\t\t\t\t\n\n\t\t\t\t\t    <\/div>\n\t\t\t\t\t<\/li>\n\n\t\t\t\t\t\n\n\t\t\t\t\t\n\t\t\t\t\t\n\n\t\t\t<\/ul>\n\n\n\t\t<\/div>\n\n\t<\/div>\n<\/div>","protected":false},"excerpt":{"rendered":"","protected":false},"author":1,"featured_media":557,"parent":0,"menu_order":2,"comment_status":"closed","ping_status":"closed","template":"","meta":{"_acf_changed":false,"footnotes":""},"class_list":["post-1014","page","type-page","status-publish","has-post-thumbnail","hentry"],"acf":[],"_links":{"self":[{"href":"https:\/\/algietol.nl\/de\/wp-json\/wp\/v2\/pages\/1014","targetHints":{"allow":["GET"]}}],"collection":[{"href":"https:\/\/algietol.nl\/de\/wp-json\/wp\/v2\/pages"}],"about":[{"href":"https:\/\/algietol.nl\/de\/wp-json\/wp\/v2\/types\/page"}],"author":[{"embeddable":true,"href":"https:\/\/algietol.nl\/de\/wp-json\/wp\/v2\/users\/1"}],"replies":[{"embeddable":true,"href":"https:\/\/algietol.nl\/de\/wp-json\/wp\/v2\/comments?post=1014"}],"version-history":[{"count":3,"href":"https:\/\/algietol.nl\/de\/wp-json\/wp\/v2\/pages\/1014\/revisions"}],"predecessor-version":[{"id":1365,"href":"https:\/\/algietol.nl\/de\/wp-json\/wp\/v2\/pages\/1014\/revisions\/1365"}],"wp:featuredmedia":[{"embeddable":true,"href":"https:\/\/algietol.nl\/de\/wp-json\/wp\/v2\/media\/557"}],"wp:attachment":[{"href":"https:\/\/algietol.nl\/de\/wp-json\/wp\/v2\/media?parent=1014"}],"curies":[{"name":"wp","href":"https:\/\/api.w.org\/{rel}","templated":true}]}}